{"id":40,"date":"2023-04-27T05:56:06","date_gmt":"2023-04-27T05:56:06","guid":{"rendered":"https:\/\/adjua.org.br\/ad\/?page_id=40"},"modified":"2023-05-30T15:38:06","modified_gmt":"2023-05-30T15:38:06","slug":"nossa-historia","status":"publish","type":"page","link":"https:\/\/adjua.org.br\/ad\/nossa-historia\/","title":{"rendered":"Nossa Hist\u00f3ria"},"content":{"rendered":"\n<p class=\"has-text-align-left\">A Hist\u00f3ria da Assembleia de Deus nesta regi\u00e3o teve seu in\u00edcio por volta do ano de 1926 na cidade de Cura\u00e7\u00e1 &#8211; BA, por meio da fam\u00edlia do irm\u00e3o Catarino Varj\u00e3o, da Assembleia de Deus no Rio de Janeiro. Apenas 10 anos depois, o Mission\u00e1rio Aldor Peterson, enviado pela Igreja Assembleia de Deus em Salvador-BA, chegou a Juazeiro-BA para iniciar um trabalho evangel\u00edstico.<\/p>\n\n\n\n<p class=\"has-text-align-left\">Em 15 de novembro de 1936, Maria Am\u00e9lia e Rosa Santana decidiram aceitar a Jesus Cristo como seu Salvador. Logo depois, outros irm\u00e3os tamb\u00e9m abra\u00e7aram a f\u00e9, como Eloi, Benedito, Antonio Santana, Francisco, Maria Nelson, Maria do C. Sarapi\u00e3o, Damiana, Antonia Oliveira, Pul\u00fa e outros.<\/p>\n\n\n\n<p class=\"has-text-align-left\">O primeiro pastor da igreja em Juazeiro foi o irm\u00e3o Marcelino Carlos Ara\u00fajo que, em 15 de fevereiro de 1937, realizou o primeiro batismo nas \u00e1guas para os novos convertidos. Posteriormente, outros pastores assumiram a lideran\u00e7a da Assembleia de Deus em Juazeiro \u2013 BA:<\/p>\n\n\n\n<p class=\"has-text-align-left\">Pastor Jorge Monteiro (1939)<\/p>\n\n\n\n<p class=\"has-text-align-left\">Pastor Jos\u00e9 Moreira (1941)<\/p>\n\n\n\n<p class=\"has-text-align-left\">Pastor Luiz Santana (1942)<\/p>\n\n\n\n<p class=\"has-text-align-left\">Pastor Manuel Francisco (1943 a 1949).<\/p>\n\n\n\n<p class=\"has-text-align-left\">Durante a sua gest\u00e3o, no dia 27 de fevereiro de 1949, foi inaugurado o primeiro templo, localizado na rua Constantino Lu\u00eds Viana, n\u00ba 374, atual rua Henrique Rocha, com dimens\u00f5es de 6\u00d714 metros.<\/p>\n\n\n\n<p class=\"has-text-align-left\">Pastor Jo\u00e3o da Silva F\u00e9lix (1950 a 1952)<\/p>\n\n\n\n<p class=\"has-text-align-left\">Pastor Arist\u00f3teles Bispo (por 6 meses em 1952)<\/p>\n\n\n\n<p class=\"has-text-align-left\">Pastor Severino Soares (1952 a 1956).<\/p>\n\n\n\n<p class=\"has-text-align-left\">Na sua gest\u00e3o foi fundado o C\u00edrculo de Ora\u00e7\u00e3o de Senhoras e consagrado o primeiro presb\u00edtero, Francisco Evangelista.<\/p>\n\n\n\n<p class=\"has-text-align-left\">Pastor Jo\u00e3o Evangelista (1956 a 1958)<\/p>\n\n\n\n<p class=\"has-text-align-left\">Pastor Marin\u00e9sio Soares (1958 e 1959)<\/p>\n\n\n\n<p class=\"has-text-align-left\">Pastor El\u00edsio Palma (1960)<\/p>\n\n\n\n<p class=\"has-text-align-left\">Pastor Moacir Souza (1961 a 1963)<\/p>\n\n\n\n<p class=\"has-text-align-left\">Pastor Manuel Fernandes (1964 a 1966)<\/p>\n\n\n\n<p class=\"has-text-align-left\">Pastor Odilon Barbosa (1966 a 1970), respons\u00e1vel pela constru\u00e7\u00e3o da antiga casa pastoral na Rua Henrique Rocha, adjacente ao templo<\/p>\n\n\n\n<p class=\"has-text-align-left\">Pastor Severino Soares (Sua segunda gest\u00e3o &#8211; 1971)<\/p>\n\n\n\n<p class=\"has-text-align-left\">Pastor Albino Teles em 1972<\/p>\n\n\n\n<p class=\"has-text-align-left\">Pastor Manoel Marques de Souza (1973 a 2011).<\/p>\n\n\n\n<p class=\"has-text-align-left\">Durante a gest\u00e3o do Pastor Manoel Marques, a igreja, que contava com menos de duzentos membros e apenas tr\u00eas congrega\u00e7\u00f5es na cidade de Juazeiro (al\u00e9m de outras em Barro Vermelho, Cura\u00e7\u00e1, Casa Nova, Saco da Arara, Cabeludas, Sento S\u00e9, Lages dos Negros e Gameleira do Dida) experimentou um crescimento surpreendente.<\/p>\n\n\n\n<p class=\"has-text-align-left\">Como consequ\u00eancia, o templo existente n\u00e3o era mais suficiente para acomodar todos os membros, e em 7 de agosto de 1982, foi inaugurado o novo templo na rua Dr. Dewilson, s\/n, no bairro Maria Gorete.<\/p>\n\n\n\n<p class=\"has-text-align-left\">A igreja continuou a crescer, e o n\u00famero de membros aumentava de forma continua, assim, ainda na lideran\u00e7a do pastor Manoel Marques, foi adquirido um terreno para constru\u00e7\u00e3o de um novo templo Sede, capaz de acomodar 5.000 pessoas sentadas. Atualmente, as obras do novo templo est\u00e3o em andamento no bairro Jo\u00e3o XXIII.<\/p>\n\n\n\n<p class=\"has-text-align-left\">Pastor Jair Silas Alves de Souza (2011 a 2015).<\/p>\n\n\n\n<p class=\"has-text-align-left\">No dia 26 de novembro de 2011, o Pastor Jair Silas Alves de Souza assumiu a lideran\u00e7a da igreja ap\u00f3s o falecimento do Pastor Manoel Marques, seu pai, sendo empossado pelo Presidente da CEADEB (Conven\u00e7\u00e3o Estadual da Assembleia de Deus na Bahia), Pastor Valdomiro.<\/p>\n\n\n\n<p class=\"has-text-align-left\">Pastor Wolmar Alc\u00e2ntara (janeiro a junho de 2016)<\/p>\n\n\n\n<p class=\"has-text-align-left\">Pastor Francisco Pereira (2016 \u2013 dias atuais).<\/p>\n\n\n\n<p class=\"has-text-align-left\">No dia 3 de julho de 2016, o Pastor Francisco Pereira assumiu a presid\u00eancia da Igreja Evang\u00e9lica Assembleia de Deus em Juazeiro em um culto solene presidido pelo Pastor Valdomiro Pereira da Silva.&nbsp; Um marco importante de sua gest\u00e3o foi a aquisi\u00e7\u00e3o da escritura do templo central, ap\u00f3s mais de 15 anos de espera.<\/p>\n\n\n\n<p class=\"has-text-align-left\">Mesmo enfrentando desafios financeiros a igreja n\u00e3o perdeu o compromisso com o crescimento. Muitas congrega\u00e7\u00f5es foram conclu\u00eddas e inauguradas, e novos templos foram constru\u00eddos nos bairros Itaberaba, Piranga II, Argemiro, Canudos, Jo\u00e3o Paulo II \u2013 2, Codevasf, Jardim Vit\u00f3ria, Jardim das Ac\u00e1cias, Praia do Rodeadouro e sub congrega\u00e7\u00e3o do Sitio Araujo (j\u00e1 inaugurados), S\u00edtio Ro\u00e7ado, al\u00e9m da aquisi\u00e7\u00e3o de terrenos para futuras constru\u00e7\u00f5es nas localidades de Quid\u00e9, Rio Jord\u00e3o e Penha, e a aquisi\u00e7\u00e3o de uma casa no Parque Residencial que funciona como anexo do templo.<\/p>\n\n\n\n<p class=\"has-text-align-left\">Muitas melhorias na estrutura das congrega\u00e7\u00f5es j\u00e1 existentes est\u00e3o sendo realizadas, por meio da aquisi\u00e7\u00e3o de bancadas acolchoadas. Os templos sede, Sub Sede e congrega\u00e7\u00e3o de Maring\u00e1 foram beneficiados com a instala\u00e7\u00e3o de sistemas de ar-condicionado. Al\u00e9m disso, A parte inferior do templo Sede foi finalizada, a parte superior est\u00e1 em fase de acabamento e um projeto de expans\u00e3o est\u00e1 em andamento, visando a constru\u00e7\u00e3o de um anexo ao templo sede que incluir\u00e1 cozinha, refeit\u00f3rio, apartamentos, casa e salas adicionais.<\/p>\n\n\n\n<p class=\"has-text-align-left\">&nbsp;No aspecto do crescimento espiritual e ministerial, a igreja registrou a ades\u00e3o de aproximadamente 1.390 novos membros por meio de batismos nas \u00e1guas. Reconhecendo a necessidade de l\u00edderes para dirigir as congrega\u00e7\u00f5es e sub congrega\u00e7\u00f5es, foram consagrados 30 presb\u00edteros e 55 di\u00e1conos. Al\u00e9m disso, cerca de 15 presb\u00edteros foram indicados e consagrados como evangelistas pela CEADEB.<\/p>\n\n\n\n<p class=\"has-text-align-left\">Al\u00e9m do crescimento em n\u00famero de membros, a igreja reconheceu a import\u00e2ncia de investir em recursos que contribu\u00edssem para a realiza\u00e7\u00e3o da obra de Deus. Nesse sentido, foram adquiridos 18 ve\u00edculos, incluindo um caminh\u00e3o, nove ve\u00edculos de quatro rodas e oito ve\u00edculos de duas rodas, que est\u00e3o a servi\u00e7o de toda a igreja.<\/p>\n\n\n\n<p class=\"has-text-align-left\">Vale ressaltar que ao longo desse per\u00edodo, os membros da igreja t\u00eam se envolvido ativamente em diversos eventos e atividades. Congressos dos departamentos de Senhoras (USADEJ), Senhores (USEADEJ), Jovens (UMADEJ), Adolescentes (UAADEJ) e Infanto-Juvenil (UIJADEJ) t\u00eam sido realizados regularmente, trazendo a presen\u00e7a de pregadores e cantores expressivos, o que tem fortalecido a comunh\u00e3o e proporcionado momentos de inspira\u00e7\u00e3o e crescimento espiritual.<\/p>\n\n\n\n<p class=\"has-text-align-left\">Ap\u00f3s enfrentar v\u00e1rios desafios, a igreja continua a cumprir sua miss\u00e3o de levar a mensagem do evangelho a todos, buscando sempre a paz, a justi\u00e7a e a unidade entre seus membros.<\/p>\n\n\n\n<p class=\"has-text-align-left\">Com mais de 86 anos de atua\u00e7\u00e3o, a igreja se orgulha de seu passado e, comprometida com o presente e o futuro, se mant\u00e9m na jornada de f\u00e9, em constante busca por aprimoramento e servi\u00e7o ao Reino de Deus.<\/p>\n","protected":false},"excerpt":{"rendered":"<p>A Hist\u00f3ria da Assembleia de Deus nesta regi\u00e3o teve seu in\u00edcio por volta do ano de 1926 na cidade de Cura\u00e7\u00e1 &#8211; BA, por meio da fam\u00edlia do irm\u00e3o Catarino Varj\u00e3o, da Assembleia de Deus no Rio de Janeiro. Apenas 10 anos depois, o Mission\u00e1rio Aldor Peterson, enviado pela Igreja Assembleia de Deus em Salvador-BA, &hellip;<\/p>\n<p class=\"read-more\"> <a class=\"\" href=\"https:\/\/adjua.org.br\/ad\/nossa-historia\/\"> <span class=\"screen-reader-text\">Nossa Hist\u00f3ria<\/span> Leia mais &raquo;<\/a><\/p>\n","protected":false},"author":1,"featured_media":625,"parent":0,"menu_order":0,"comment_status":"closed","ping_status":"closed","template":"","meta":{"site-sidebar-layout":"default","site-content-layout":"default","ast-global-header-display":"","ast-main-header-display":"","ast-hfb-above-header-display":"","ast-hfb-below-header-display":"","ast-hfb-mobile-header-display":"","site-post-title":"","ast-breadcrumbs-content":"","ast-featured-img":"","footer-sml-layout":"","theme-transparent-header-meta":"","adv-header-id-meta":"","stick-header-meta":"","header-above-stick-meta":"","header-main-stick-meta":"","header-below-stick-meta":"","footnotes":""},"class_list":["post-40","page","type-page","status-publish","has-post-thumbnail","hentry"],"_links":{"self":[{"href":"https:\/\/adjua.org.br\/ad\/wp-json\/wp\/v2\/pages\/40","targetHints":{"allow":["GET"]}}],"collection":[{"href":"https:\/\/adjua.org.br\/ad\/wp-json\/wp\/v2\/pages"}],"about":[{"href":"https:\/\/adjua.org.br\/ad\/wp-json\/wp\/v2\/types\/page"}],"author":[{"embeddable":true,"href":"https:\/\/adjua.org.br\/ad\/wp-json\/wp\/v2\/users\/1"}],"replies":[{"embeddable":true,"href":"https:\/\/adjua.org.br\/ad\/wp-json\/wp\/v2\/comments?post=40"}],"version-history":[{"count":6,"href":"https:\/\/adjua.org.br\/ad\/wp-json\/wp\/v2\/pages\/40\/revisions"}],"predecessor-version":[{"id":642,"href":"https:\/\/adjua.org.br\/ad\/wp-json\/wp\/v2\/pages\/40\/revisions\/642"}],"wp:featuredmedia":[{"embeddable":true,"href":"https:\/\/adjua.org.br\/ad\/wp-json\/wp\/v2\/media\/625"}],"wp:attachment":[{"href":"https:\/\/adjua.org.br\/ad\/wp-json\/wp\/v2\/media?parent=40"}],"curies":[{"name":"wp","href":"https:\/\/api.w.org\/{rel}","templated":true}]}}