{"id":224,"date":"2023-05-04T04:39:01","date_gmt":"2023-05-04T04:39:01","guid":{"rendered":"https:\/\/adjua.org.br\/ad\/?page_id=224"},"modified":"2023-05-25T00:09:31","modified_gmt":"2023-05-25T00:09:31","slug":"infanto-juvenil","status":"publish","type":"page","link":"https:\/\/adjua.org.br\/ad\/infanto-juvenil\/","title":{"rendered":"UIJADEJ &#8211; Uni\u00e3o Infanto Juvenil da Assembleia de Deus em Juazeiro"},"content":{"rendered":"\n<p>Ol\u00e1 crian\u00e7as, Paz do Senhor!!<\/p>\n\n\n\n<p>Bem-vindos a UIJADEJ &#8211; Uni\u00e3o Infanto Juvenil da Assembleia de Deus em Juazeiro!<\/p>\n\n\n\n<p>Aqui vamos embarcar em uma viagem envolvente e cheia de descobertas.&nbsp; Prepare-se para descobrir hist\u00f3rias b\u00edblicas incr\u00edveis, cantar e fazer muitas atividades divertidas, enquanto aprende mais sobre o nosso Grande e Maravilhoso Deus!<\/p>\n\n\n\n<p>Nossos encontros s\u00e3o cheios de alegria!&nbsp; Temos uma equipe muito animada e carinhosa pronta pra te receber. Voc\u00ea poder\u00e1 ver como a vida com Jesus \u00e9 surpreendente e descobrir como a b\u00edblia \u00e9 cheia de tesouros especiais que Deus nos deu.<\/p>\n\n\n\n<p>Voc\u00eas v\u00e3o amar as hist\u00f3rias emocionantes de personagens corajosos como Davi, Jos\u00e9, Mois\u00e9s, Paulo e muitos outros! E descobrir li\u00e7\u00f5es valiosas que podem, nos ajudar no dia a dia. Al\u00e9m disso, vamos explorar como podemos viver uma vida de acordo com os ensinamentos de Jesus mesmo sendo crian\u00e7as.<\/p>\n\n\n\n<p>Queremos ajud\u00e1-los a conhecer mais de Deus e da sua Palavra e como desenvolver um relacionamento com Ele desde cedo. Sabendo que Deus \u00e9 Bom e quer ficar sempre pertinho da gente.<\/p>\n\n\n\n<p>Voc\u00eas s\u00e3o muito amadas por Deus!! Ele criou cada uma com um prop\u00f3sito muito especial. Queremos contribuir para que descubra seus dons e talentos, e como podem us\u00e1-los para servir a Deus e fazer a diferen\u00e7a no mundo ao seu redor. Crescendo cheios de f\u00e9 e alegria.&nbsp;<\/p>\n\n\n\n<p>Al\u00e9m dos nossos cultos regulares, temos eventos especiais, festinhas tem\u00e1ticas, Escolas B\u00edblicas de F\u00e9rias e muitos projetos legais que voc\u00ea n\u00e3o vai querer perder. Ah, \u00e9 claro, n\u00e3o podemos esquecer das surpresas que preparamos s\u00f3 para voc\u00eas!<\/p>\n\n\n\n<p>Ent\u00e3o, o que voc\u00eas est\u00e3o esperando? Venham fazer parte da nossa Uni\u00e3o! Vamos aprender, sorrir, louvar a Deus de todo cora\u00e7\u00e3o e ser amigos de verdade.&nbsp;<\/p>\n\n\n\n<p>Aqui, cada um de voc\u00eas \u00e9 importante e vai descobrir como Deus tem um plano incr\u00edvel para sua vida!<\/p>\n\n\n\n<p>Estamos animad\u00edssimos para conhecer cada sorriso, cada risada e cada sonho de voc\u00eas. Juntos, vamos viver grandes aventuras e experimentar como o amor de Deus nos transforma de maneira especial!<\/p>\n\n\n\n<p>Sejam muito bem-vindos \u00e0 UIJADEJ &#8211; Uni\u00e3o Infanto Juvenil da Assembleia de Deus em Juazeiro!<\/p>\n\n\n\n<figure class=\"wp-block-image size-large is-resized\"><img loading=\"lazy\" decoding=\"async\" src=\"https:\/\/adjua.org.br\/ad\/wp-content\/uploads\/2023\/05\/SAVE_20230523_091618-1024x768.jpg\" alt=\"\" class=\"wp-image-565\" width=\"417\" height=\"313\" srcset=\"https:\/\/adjua.org.br\/ad\/wp-content\/uploads\/2023\/05\/SAVE_20230523_091618-1024x768.jpg 1024w, https:\/\/adjua.org.br\/ad\/wp-content\/uploads\/2023\/05\/SAVE_20230523_091618-300x225.jpg 300w, https:\/\/adjua.org.br\/ad\/wp-content\/uploads\/2023\/05\/SAVE_20230523_091618-768x576.jpg 768w, https:\/\/adjua.org.br\/ad\/wp-content\/uploads\/2023\/05\/SAVE_20230523_091618-1536x1152.jpg 1536w, https:\/\/adjua.org.br\/ad\/wp-content\/uploads\/2023\/05\/SAVE_20230523_091618.jpg 1600w\" sizes=\"auto, (max-width: 417px) 100vw, 417px\" \/><\/figure>\n\n\n\n<p>Equipe animada da UIJADEJ<\/p>\n","protected":false},"excerpt":{"rendered":"<p>Ol\u00e1 crian\u00e7as, Paz do Senhor!! Bem-vindos a UIJADEJ &#8211; Uni\u00e3o Infanto Juvenil da Assembleia de Deus em Juazeiro! Aqui vamos embarcar em uma viagem envolvente e cheia de descobertas.&nbsp; Prepare-se para descobrir hist\u00f3rias b\u00edblicas incr\u00edveis, cantar e fazer muitas atividades divertidas, enquanto aprende mais sobre o nosso Grande e Maravilhoso Deus! Nossos encontros s\u00e3o cheios &hellip;<\/p>\n<p class=\"read-more\"> <a class=\"\" href=\"https:\/\/adjua.org.br\/ad\/infanto-juvenil\/\"> <span class=\"screen-reader-text\">UIJADEJ &#8211; Uni\u00e3o Infanto Juvenil da Assembleia de Deus em Juazeiro<\/span> Leia mais &raquo;<\/a><\/p>\n","protected":false},"author":1,"featured_media":555,"parent":0,"menu_order":0,"comment_status":"closed","ping_status":"closed","template":"","meta":{"site-sidebar-layout":"default","site-content-layout":"default","ast-global-header-display":"","ast-main-header-display":"","ast-hfb-above-header-display":"","ast-hfb-below-header-display":"","ast-hfb-mobile-header-display":"","site-post-title":"","ast-breadcrumbs-content":"","ast-featured-img":"","footer-sml-layout":"","theme-transparent-header-meta":"","adv-header-id-meta":"","stick-header-meta":"","header-above-stick-meta":"","header-main-stick-meta":"","header-below-stick-meta":"","footnotes":""},"class_list":["post-224","page","type-page","status-publish","has-post-thumbnail","hentry"],"_links":{"self":[{"href":"https:\/\/adjua.org.br\/ad\/wp-json\/wp\/v2\/pages\/224","targetHints":{"allow":["GET"]}}],"collection":[{"href":"https:\/\/adjua.org.br\/ad\/wp-json\/wp\/v2\/pages"}],"about":[{"href":"https:\/\/adjua.org.br\/ad\/wp-json\/wp\/v2\/types\/page"}],"author":[{"embeddable":true,"href":"https:\/\/adjua.org.br\/ad\/wp-json\/wp\/v2\/users\/1"}],"replies":[{"embeddable":true,"href":"https:\/\/adjua.org.br\/ad\/wp-json\/wp\/v2\/comments?post=224"}],"version-history":[{"count":5,"href":"https:\/\/adjua.org.br\/ad\/wp-json\/wp\/v2\/pages\/224\/revisions"}],"predecessor-version":[{"id":598,"href":"https:\/\/adjua.org.br\/ad\/wp-json\/wp\/v2\/pages\/224\/revisions\/598"}],"wp:featuredmedia":[{"embeddable":true,"href":"https:\/\/adjua.org.br\/ad\/wp-json\/wp\/v2\/media\/555"}],"wp:attachment":[{"href":"https:\/\/adjua.org.br\/ad\/wp-json\/wp\/v2\/media?parent=224"}],"curies":[{"name":"wp","href":"https:\/\/api.w.org\/{rel}","templated":true}]}}