{"id":222,"date":"2023-05-04T04:38:37","date_gmt":"2023-05-04T04:38:37","guid":{"rendered":"https:\/\/adjua.org.br\/ad\/?page_id=222"},"modified":"2023-07-24T20:17:50","modified_gmt":"2023-07-24T20:17:50","slug":"senhoras","status":"publish","type":"page","link":"https:\/\/adjua.org.br\/ad\/senhoras\/","title":{"rendered":"USADEJ &#8211; Uni\u00e3o de Senhoras da Assembleia de Deus em Juazeiro"},"content":{"rendered":"\n<p>Queridas irm\u00e3s,<\/p>\n\n\n\n<p>\u00c9 com alegria e gratid\u00e3o que lhes damos boas-vindas \u00e0 USADEJ &#8211; Uni\u00e3o de Senhoras da Assembleia de Deus em Juazeiro!<\/p>\n\n\n\n<p>N\u00f3s, mulheres, desempenhamos um papel fundamental em nossa fam\u00edlia,&nbsp; igreja e comunidade.&nbsp;<\/p>\n\n\n\n<p>Na USADEJ, buscamos fortalecer os la\u00e7os entre as irm\u00e3s, proporcionando um espa\u00e7o de crescimento espiritual, apoio m\u00fatuo e servi\u00e7o dedicado a Deus.<\/p>\n\n\n\n<p>Valorizamos a import\u00e2ncia de cada componente e reconhecemos a singularidade de suas experi\u00eancias, dons e talentos, e, podemos aprender a compartilhar e edificar umas \u00e0s outras, \u00e0 medida que buscamos uma vida plena em Cristo.<\/p>\n\n\n\n<p>Atrav\u00e9s de encontros regulares, estudos da Palavra de Deus, eventos em datas&nbsp; especiais e a\u00e7\u00f5es solid\u00e1rias, nosso objetivo \u00e9 incentivar seu crescimento pessoal, espiritual,&nbsp; fortalecer sua f\u00e9 e capacit\u00e1-la a enfrentar os desafios do cotidiano com coragem&nbsp; f\u00e9 e confian\u00e7a.<\/p>\n\n\n\n<p>No nosso depto&nbsp; voc\u00ea encontrar\u00e1 um ambiente acolhedor, repleto de amor e apoio. Estamos aqui para orar por voc\u00ea,&nbsp; encoraj\u00e1-la em sua caminhada espiritual e celebrar suas vit\u00f3rias. Juntas, somos mais fortes e podemos fazer a diferen\u00e7a em nossa igreja e na comunidade.<\/p>\n\n\n\n<p>Voc\u00ea ser\u00e1 bem vinda&nbsp; a juntar-se a n\u00f3s e envolver-se com o nosso depto,&nbsp;onde \u00e9 poss\u00edvel compartilhar hist\u00f3rias e experi\u00eancias, encontrar encorajamento, amizade duradoura, e o despertar da busca incessante pelo Senhor.<\/p>\n\n\n\n<p>Envolva- se&nbsp; em nossos eventos, participe das&nbsp; programa\u00e7\u00f5es&nbsp; descubra como voc\u00ea pode ser parte desse grupo de mulheres dedicadas a viver uma vida significativa, impactando a n\u00f3s mesmas, nossas fam\u00edlias e a todos&nbsp; ao nosso redor.<\/p>\n\n\n\n<p>Sinta-se acolhida, valorizada e inspirada a fazer parte da USADEJ. Juntas, caminharemos rumo \u00e0 plenitude do prop\u00f3sito de Deus para nossas vidas.<\/p>\n\n\n\n<p>Carinhosamente:<\/p>\n\n\n\n<p>Irm\u00e3&nbsp; Avanildes Pereira&nbsp;<\/p>\n\n\n\n<p>Esposa do Pastor Presidente da IEADEJ e Coordenadora da USADEJ<\/p>\n\n\n\n<figure class=\"wp-block-embed is-type-video is-provider-youtube wp-block-embed-youtube wp-embed-aspect-4-3 wp-has-aspect-ratio\"><div class=\"wp-block-embed__wrapper\">\n<div class=\"ast-oembed-container\" style=\"height: 100%;\"><iframe loading=\"lazy\" title=\"HIST\u00d3RICO - USADEJ\" width=\"500\" height=\"375\" src=\"https:\/\/www.youtube.com\/embed\/TJWWb-CBrhk?feature=oembed\" frameborder=\"0\" allow=\"accelerometer; autoplay; clipboard-write; encrypted-media; gyroscope; picture-in-picture; web-share\" referrerpolicy=\"strict-origin-when-cross-origin\" allowfullscreen><\/iframe><\/div>\n<\/div><figcaption class=\"wp-element-caption\">HIST\u00d3RICO DA USADEJ<\/figcaption><\/figure>\n","protected":false},"excerpt":{"rendered":"<p>Queridas irm\u00e3s, \u00c9 com alegria e gratid\u00e3o que lhes damos boas-vindas \u00e0 USADEJ &#8211; Uni\u00e3o de Senhoras da Assembleia de Deus em Juazeiro! N\u00f3s, mulheres, desempenhamos um papel fundamental em nossa fam\u00edlia,&nbsp; igreja e comunidade.&nbsp; Na USADEJ, buscamos fortalecer os la\u00e7os entre as irm\u00e3s, proporcionando um espa\u00e7o de crescimento espiritual, apoio m\u00fatuo e servi\u00e7o dedicado &hellip;<\/p>\n<p class=\"read-more\"> <a class=\"\" href=\"https:\/\/adjua.org.br\/ad\/senhoras\/\"> <span class=\"screen-reader-text\">USADEJ &#8211; Uni\u00e3o de Senhoras da Assembleia de Deus em Juazeiro<\/span> Leia mais &raquo;<\/a><\/p>\n","protected":false},"author":1,"featured_media":585,"parent":0,"menu_order":0,"comment_status":"closed","ping_status":"closed","template":"","meta":{"site-sidebar-layout":"default","site-content-layout":"default","ast-global-header-display":"","ast-main-header-display":"","ast-hfb-above-header-display":"","ast-hfb-below-header-display":"","ast-hfb-mobile-header-display":"","site-post-title":"","ast-breadcrumbs-content":"","ast-featured-img":"","footer-sml-layout":"","theme-transparent-header-meta":"","adv-header-id-meta":"","stick-header-meta":"","header-above-stick-meta":"","header-main-stick-meta":"","header-below-stick-meta":"","footnotes":""},"class_list":["post-222","page","type-page","status-publish","has-post-thumbnail","hentry"],"_links":{"self":[{"href":"https:\/\/adjua.org.br\/ad\/wp-json\/wp\/v2\/pages\/222","targetHints":{"allow":["GET"]}}],"collection":[{"href":"https:\/\/adjua.org.br\/ad\/wp-json\/wp\/v2\/pages"}],"about":[{"href":"https:\/\/adjua.org.br\/ad\/wp-json\/wp\/v2\/types\/page"}],"author":[{"embeddable":true,"href":"https:\/\/adjua.org.br\/ad\/wp-json\/wp\/v2\/users\/1"}],"replies":[{"embeddable":true,"href":"https:\/\/adjua.org.br\/ad\/wp-json\/wp\/v2\/comments?post=222"}],"version-history":[{"count":7,"href":"https:\/\/adjua.org.br\/ad\/wp-json\/wp\/v2\/pages\/222\/revisions"}],"predecessor-version":[{"id":761,"href":"https:\/\/adjua.org.br\/ad\/wp-json\/wp\/v2\/pages\/222\/revisions\/761"}],"wp:featuredmedia":[{"embeddable":true,"href":"https:\/\/adjua.org.br\/ad\/wp-json\/wp\/v2\/media\/585"}],"wp:attachment":[{"href":"https:\/\/adjua.org.br\/ad\/wp-json\/wp\/v2\/media?parent=222"}],"curies":[{"name":"wp","href":"https:\/\/api.w.org\/{rel}","templated":true}]}}