{"id":220,"date":"2023-05-04T04:38:21","date_gmt":"2023-05-04T04:38:21","guid":{"rendered":"https:\/\/adjua.org.br\/ad\/?page_id=220"},"modified":"2023-05-25T00:07:00","modified_gmt":"2023-05-25T00:07:00","slug":"uaadej","status":"publish","type":"page","link":"https:\/\/adjua.org.br\/ad\/uaadej\/","title":{"rendered":"UAADEJ &#8211; Uni\u00e3o de Adolescentes da Assembleia de Deus em Juazeiro"},"content":{"rendered":"\n<p>Sejam todos bem-vindos a um espa\u00e7o especialmente criado para n\u00f3s, adolescentes crist\u00e3os que desejam viver uma f\u00e9 verdadeira e relevante no mundo de hoje!<\/p>\n\n\n\n<p>Aqui na UAADEJ, entendemos os desafios que enfrentamos como adolescentes no mundo evang\u00e9lico atual. Sabemos que muitas vezes nos deparamos com influ\u00eancias negativas, v\u00e1rios tipos de press\u00e3o e d\u00favidas sobre nossa f\u00e9. Mas queremos encoraj\u00e1-los a permanecer firmes, pois somos mais do que vencedores em Cristo!<\/p>\n\n\n\n<p>Na UAADEJ, buscamos viver uma vida cheia de prop\u00f3sito e significado. Queremos ser uma gera\u00e7\u00e3o que faz a diferen\u00e7a, impactando nosso ambiente, nossas escolas e nossas amizades com o amor de Deus.<\/p>\n\n\n\n<p>Nossos cultos s\u00e3o cheios de fervor pentecostal, louvor, ministra\u00e7\u00e3o da palavra e comunh\u00e3o. Onde, podemos compartilhar nossas experi\u00eancias, orar uns pelos outros e aprender mais sobre Deus e Sua Palavra de maneira din\u00e2mica e edificante.<\/p>\n\n\n\n<p>Entendemos que somos \u00fanicos, com dons e talentos especiais dados por Deus. Por isso, queremos ajud\u00e1-los a descobrir seus talentos e usar suas habilidades para glorificar a Deus em tudo o que fazemos.<\/p>\n\n\n\n<p>Ent\u00e3o, se voc\u00ea est\u00e1 procurando um lugar onde possa se conectar com outros adolescentes que inspiraram da mesma f\u00e9, onde possa fazer perguntas e crescer em sua jornada espiritual, a UAADEJ \u00e9 o lugar certo para voc\u00ea!<\/p>\n\n\n\n<p>Junte-se a n\u00f3s e descubra o incr\u00edvel plano que Deus tem para sua vida. Seja parte de uma gera\u00e7\u00e3o que se levanta, que faz a diferen\u00e7a e que \u00e9 usada por Deus para transformar o mundo!<\/p>\n\n\n\n<p>Espero por voc\u00ea na UAADEJ &#8211; Uni\u00e3o de Adolescentes da Assembleia de Deus em Juazeiro!<\/p>\n","protected":false},"excerpt":{"rendered":"<p>Sejam todos bem-vindos a um espa\u00e7o especialmente criado para n\u00f3s, adolescentes crist\u00e3os que desejam viver uma f\u00e9 verdadeira e relevante no mundo de hoje! Aqui na UAADEJ, entendemos os desafios que enfrentamos como adolescentes no mundo evang\u00e9lico atual. Sabemos que muitas vezes nos deparamos com influ\u00eancias negativas, v\u00e1rios tipos de press\u00e3o e d\u00favidas sobre nossa &hellip;<\/p>\n<p class=\"read-more\"> <a class=\"\" href=\"https:\/\/adjua.org.br\/ad\/uaadej\/\"> <span class=\"screen-reader-text\">UAADEJ &#8211; Uni\u00e3o de Adolescentes da Assembleia de Deus em Juazeiro<\/span> Leia mais &raquo;<\/a><\/p>\n","protected":false},"author":1,"featured_media":550,"parent":0,"menu_order":0,"comment_status":"closed","ping_status":"closed","template":"","meta":{"site-sidebar-layout":"default","site-content-layout":"default","ast-global-header-display":"","ast-main-header-display":"","ast-hfb-above-header-display":"","ast-hfb-below-header-display":"","ast-hfb-mobile-header-display":"","site-post-title":"","ast-breadcrumbs-content":"","ast-featured-img":"","footer-sml-layout":"","theme-transparent-header-meta":"","adv-header-id-meta":"","stick-header-meta":"","header-above-stick-meta":"","header-main-stick-meta":"","header-below-stick-meta":"","footnotes":""},"class_list":["post-220","page","type-page","status-publish","has-post-thumbnail","hentry"],"_links":{"self":[{"href":"https:\/\/adjua.org.br\/ad\/wp-json\/wp\/v2\/pages\/220","targetHints":{"allow":["GET"]}}],"collection":[{"href":"https:\/\/adjua.org.br\/ad\/wp-json\/wp\/v2\/pages"}],"about":[{"href":"https:\/\/adjua.org.br\/ad\/wp-json\/wp\/v2\/types\/page"}],"author":[{"embeddable":true,"href":"https:\/\/adjua.org.br\/ad\/wp-json\/wp\/v2\/users\/1"}],"replies":[{"embeddable":true,"href":"https:\/\/adjua.org.br\/ad\/wp-json\/wp\/v2\/comments?post=220"}],"version-history":[{"count":5,"href":"https:\/\/adjua.org.br\/ad\/wp-json\/wp\/v2\/pages\/220\/revisions"}],"predecessor-version":[{"id":597,"href":"https:\/\/adjua.org.br\/ad\/wp-json\/wp\/v2\/pages\/220\/revisions\/597"}],"wp:featuredmedia":[{"embeddable":true,"href":"https:\/\/adjua.org.br\/ad\/wp-json\/wp\/v2\/media\/550"}],"wp:attachment":[{"href":"https:\/\/adjua.org.br\/ad\/wp-json\/wp\/v2\/media?parent=220"}],"curies":[{"name":"wp","href":"https:\/\/api.w.org\/{rel}","templated":true}]}}