{"id":218,"date":"2023-05-04T04:37:54","date_gmt":"2023-05-04T04:37:54","guid":{"rendered":"https:\/\/adjua.org.br\/ad\/?page_id=218"},"modified":"2023-05-25T17:51:54","modified_gmt":"2023-05-25T17:51:54","slug":"mocidade","status":"publish","type":"page","link":"https:\/\/adjua.org.br\/ad\/mocidade\/","title":{"rendered":"UMADEJ &#8211; Uni\u00e3o de Mocidade da Assembleia de Deus em Juazeiro"},"content":{"rendered":"\n<p>A Paz do Senhor Jesus!<\/p>\n\n\n\n<p>Nos somos a UMADEJ &#8211; Uni\u00e3o de Mocidade da Assembleia de Deus em Juazeiro.<\/p>\n\n\n\n<p>Seja bem vindo!!!<\/p>\n\n\n\n<p>A UMADEJ \u00e9 uma comunidade de jovens apaixonados por Jesus e pela vida. Nosso objetivo \u00e9 proporcionar um espa\u00e7o onde voc\u00ea possa se conectar com outros jovens e experimentar o poder transformador do evangelho em sua vida.<\/p>\n\n\n\n<p>Entendemos que a juventude enfrenta desafios \u00fanicos e estamos aqui para caminhar ao seu lado. Queremos ser uma fam\u00edlia espiritual, onde voc\u00ea se sinta acolhido, inspirado e capacitado a viver uma vida crist\u00e3 cheia de prop\u00f3sito.<\/p>\n\n\n\n<p>Nossos encontros s\u00e3o cheios de alegria, carinho contagiante e mensagens relevantes para a sua vida. Acreditamos que a B\u00edblia \u00e9 a Palavra viva de Deus, e buscamos aplic\u00e1-la de maneira pr\u00e1tica e impactante, ajudando voc\u00ea a desenvolver uma f\u00e9 s\u00f3lida e uma base s\u00f3lida para enfrentar os desafios do mundo atual.<\/p>\n\n\n\n<p>Al\u00e9m dos nossos encontros mensais, a UMADEJ oferece uma variedade de atividades emocionantes, como retiros, momentos de ora\u00e7\u00e3o, desenvolvimento de talentos musicais e eventos sociais. Queremos que voc\u00ea experimente uma vida crist\u00e3 inspirada que influencie positivamente a nossa gera\u00e7\u00e3o e deixe um legado duradouro.<\/p>\n\n\n\n<p>Na UMADEJ, voc\u00ea encontrar\u00e1 amigos verdadeiros, e um ambiente com muita presen\u00e7a de Deus onde voc\u00ea pode descobrir a sua verdadeira identidade em Cristo. Aqui voc\u00ea ser\u00e1 bem recebido como \u00e9, mas certamente viver\u00e1 uma experi\u00eancia tranformadora, como foi a do Apostolo Paulo!<\/p>\n\n\n\n<p>Juntos, crescemos espiritualmente, aprendemos uns com os outros e nos apoiamos em todas as fases da vida.<\/p>\n\n\n\n<p>Independentemente de onde voc\u00ea esteja em sua jornada espiritual, queremos convid\u00e1-lo a se juntar a n\u00f3s na UMADEJ. Voc\u00ea \u00e9 parte fundamental da nossa fam\u00edlia e mal podemos esperar para ver como Deus usar\u00e1 a sua vida para fazer a diferen\u00e7a.<\/p>\n\n\n\n<p>Estamos animados para conhec\u00ea-lo, compartilhar mais de Jesus e viver experi\u00eancias incr\u00edveis. Junte-se a n\u00f3s e vamos explorar juntos o chamado e o prop\u00f3sito que Deus tem para nossas vidas.<\/p>\n\n\n\n<figure class=\"wp-block-image size-large is-resized\"><img loading=\"lazy\" decoding=\"async\" src=\"https:\/\/adjua.org.br\/ad\/wp-content\/uploads\/2023\/05\/DIRETORIA-DA-UMADEJ-1024x318.webp\" alt=\"\" class=\"wp-image-635\" width=\"1042\" height=\"324\" srcset=\"https:\/\/adjua.org.br\/ad\/wp-content\/uploads\/2023\/05\/DIRETORIA-DA-UMADEJ-1024x318.webp 1024w, https:\/\/adjua.org.br\/ad\/wp-content\/uploads\/2023\/05\/DIRETORIA-DA-UMADEJ-300x93.webp 300w, https:\/\/adjua.org.br\/ad\/wp-content\/uploads\/2023\/05\/DIRETORIA-DA-UMADEJ-768x239.webp 768w, https:\/\/adjua.org.br\/ad\/wp-content\/uploads\/2023\/05\/DIRETORIA-DA-UMADEJ-1536x477.webp 1536w, https:\/\/adjua.org.br\/ad\/wp-content\/uploads\/2023\/05\/DIRETORIA-DA-UMADEJ-2048x636.webp 2048w\" sizes=\"auto, (max-width: 1042px) 100vw, 1042px\" \/><\/figure>\n\n\n\n<p>Te esperamos de bra\u00e7os abertos na UMADEJ!<\/p>\n","protected":false},"excerpt":{"rendered":"<p>A Paz do Senhor Jesus! Nos somos a UMADEJ &#8211; Uni\u00e3o de Mocidade da Assembleia de Deus em Juazeiro. Seja bem vindo!!! A UMADEJ \u00e9 uma comunidade de jovens apaixonados por Jesus e pela vida. Nosso objetivo \u00e9 proporcionar um espa\u00e7o onde voc\u00ea possa se conectar com outros jovens e experimentar o poder transformador do &hellip;<\/p>\n<p class=\"read-more\"> <a class=\"\" href=\"https:\/\/adjua.org.br\/ad\/mocidade\/\"> <span class=\"screen-reader-text\">UMADEJ &#8211; Uni\u00e3o de Mocidade da Assembleia de Deus em Juazeiro<\/span> Leia mais &raquo;<\/a><\/p>\n","protected":false},"author":1,"featured_media":621,"parent":0,"menu_order":0,"comment_status":"closed","ping_status":"closed","template":"","meta":{"site-sidebar-layout":"default","site-content-layout":"default","ast-global-header-display":"","ast-main-header-display":"","ast-hfb-above-header-display":"","ast-hfb-below-header-display":"","ast-hfb-mobile-header-display":"","site-post-title":"","ast-breadcrumbs-content":"","ast-featured-img":"","footer-sml-layout":"","theme-transparent-header-meta":"","adv-header-id-meta":"","stick-header-meta":"","header-above-stick-meta":"","header-main-stick-meta":"","header-below-stick-meta":"","footnotes":""},"class_list":["post-218","page","type-page","status-publish","has-post-thumbnail","hentry"],"_links":{"self":[{"href":"https:\/\/adjua.org.br\/ad\/wp-json\/wp\/v2\/pages\/218","targetHints":{"allow":["GET"]}}],"collection":[{"href":"https:\/\/adjua.org.br\/ad\/wp-json\/wp\/v2\/pages"}],"about":[{"href":"https:\/\/adjua.org.br\/ad\/wp-json\/wp\/v2\/types\/page"}],"author":[{"embeddable":true,"href":"https:\/\/adjua.org.br\/ad\/wp-json\/wp\/v2\/users\/1"}],"replies":[{"embeddable":true,"href":"https:\/\/adjua.org.br\/ad\/wp-json\/wp\/v2\/comments?post=218"}],"version-history":[{"count":5,"href":"https:\/\/adjua.org.br\/ad\/wp-json\/wp\/v2\/pages\/218\/revisions"}],"predecessor-version":[{"id":636,"href":"https:\/\/adjua.org.br\/ad\/wp-json\/wp\/v2\/pages\/218\/revisions\/636"}],"wp:featuredmedia":[{"embeddable":true,"href":"https:\/\/adjua.org.br\/ad\/wp-json\/wp\/v2\/media\/621"}],"wp:attachment":[{"href":"https:\/\/adjua.org.br\/ad\/wp-json\/wp\/v2\/media?parent=218"}],"curies":[{"name":"wp","href":"https:\/\/api.w.org\/{rel}","templated":true}]}}