{"id":216,"date":"2023-05-04T04:37:32","date_gmt":"2023-05-04T04:37:32","guid":{"rendered":"https:\/\/adjua.org.br\/ad\/?page_id=216"},"modified":"2023-05-25T01:12:58","modified_gmt":"2023-05-25T01:12:58","slug":"esteadej","status":"publish","type":"page","link":"https:\/\/adjua.org.br\/ad\/esteadej\/","title":{"rendered":"ESTEADEJ &#8211; Escola Teol\u00f3gica da Assembleia de Deus em Juazeiro"},"content":{"rendered":"\n<p>Bem-vindo \u00e0 ESTEADEJ &#8211; Escola Teol\u00f3gica da Assembleia de Deus em Juazeiro!<\/p>\n\n\n\n<p>Na ESTEADEJ, acreditamos que o estudo sistematizado da Palavra de Deus \u00e9 fundamental para o crescimento espiritual e o desenvolvimento de uma f\u00e9 s\u00f3lida. Somos uma institui\u00e7\u00e3o comprometida em oferecer um ambiente acolhedor e enriquecedor, onde os estudantes podem mergulhar profundamente nas verdades b\u00edblicas e se preparar para um minist\u00e9rio transformador.<\/p>\n\n\n\n<p>Nossa escola tem como objetivo principal capacitar homens e mulheres para servir a Deus e \u00e0 sua igreja com excel\u00eancia. Atrav\u00e9s de um curr\u00edculo abrangente e atualizado, buscamos fornecer uma base s\u00f3lida nas Escrituras, oferecendo uma compreens\u00e3o aprofundada da teologia e doutrinas fundamentais da f\u00e9 crist\u00e3.<\/p>\n\n\n\n<p>Na ESTEADEJ, valorizamos a import\u00e2ncia da comunidade e do relacionamento interpessoal. Entendemos que o aprendizado vai al\u00e9m das salas de aula, e incentivamos a intera\u00e7\u00e3o entre alunos e professores, promovendo uma troca de conhecimento e experi\u00eancias. Nossa equipe docente \u00e9 composta por l\u00edderes e te\u00f3logos experientes, comprometidos em orientar e apoiar os estudantes em sua jornada de aprendizado.<\/p>\n\n\n\n<p>Ao ingressar na ESTEADEJ, voc\u00ea ter\u00e1 a oportunidade de mergulhar nas terapias da Palavra de Deus, desenvolver um entendimento s\u00f3lido da teologia e ser equipado para fazer a diferen\u00e7a em seu minist\u00e9rio e na vida daqueles ao seu redor. Nossa escola est\u00e1 comprometida em preparar l\u00edderes comprometidos, capacitados e cheios do amor de Deus.<\/p>\n\n\n\n<p>Se voc\u00ea deseja crescer em seu conhecimento b\u00edblico, fortalecer sua f\u00e9 e se preparar para um minist\u00e9rio impactante, a ESTEADEJ \u00e9 o lugar ideal para voc\u00ea. Junte-se a n\u00f3s nessa jornada de aprendizado e descoberta, e venha fazer parte de uma comunidade de estudantes apaixonados por Deus e pela Sua Palavra.<\/p>\n\n\n\n<p>Estamos ansiosos para receber-lo(a) na ESTEADEJ &#8211; Escola Teol\u00f3gica da Assembleia de Deus em Juazeiro. Seja bem-vindo(a) \u00e0 nossa fam\u00edlia!<\/p>\n","protected":false},"excerpt":{"rendered":"<p>Bem-vindo \u00e0 ESTEADEJ &#8211; Escola Teol\u00f3gica da Assembleia de Deus em Juazeiro! Na ESTEADEJ, acreditamos que o estudo sistematizado da Palavra de Deus \u00e9 fundamental para o crescimento espiritual e o desenvolvimento de uma f\u00e9 s\u00f3lida. Somos uma institui\u00e7\u00e3o comprometida em oferecer um ambiente acolhedor e enriquecedor, onde os estudantes podem mergulhar profundamente nas verdades &hellip;<\/p>\n<p class=\"read-more\"> <a class=\"\" href=\"https:\/\/adjua.org.br\/ad\/esteadej\/\"> <span class=\"screen-reader-text\">ESTEADEJ &#8211; Escola Teol\u00f3gica da Assembleia de Deus em Juazeiro<\/span> Leia mais &raquo;<\/a><\/p>\n","protected":false},"author":1,"featured_media":609,"parent":0,"menu_order":0,"comment_status":"closed","ping_status":"closed","template":"","meta":{"site-sidebar-layout":"default","site-content-layout":"default","ast-global-header-display":"","ast-main-header-display":"","ast-hfb-above-header-display":"","ast-hfb-below-header-display":"","ast-hfb-mobile-header-display":"","site-post-title":"","ast-breadcrumbs-content":"","ast-featured-img":"","footer-sml-layout":"","theme-transparent-header-meta":"","adv-header-id-meta":"","stick-header-meta":"","header-above-stick-meta":"","header-main-stick-meta":"","header-below-stick-meta":"","footnotes":""},"class_list":["post-216","page","type-page","status-publish","has-post-thumbnail","hentry"],"_links":{"self":[{"href":"https:\/\/adjua.org.br\/ad\/wp-json\/wp\/v2\/pages\/216","targetHints":{"allow":["GET"]}}],"collection":[{"href":"https:\/\/adjua.org.br\/ad\/wp-json\/wp\/v2\/pages"}],"about":[{"href":"https:\/\/adjua.org.br\/ad\/wp-json\/wp\/v2\/types\/page"}],"author":[{"embeddable":true,"href":"https:\/\/adjua.org.br\/ad\/wp-json\/wp\/v2\/users\/1"}],"replies":[{"embeddable":true,"href":"https:\/\/adjua.org.br\/ad\/wp-json\/wp\/v2\/comments?post=216"}],"version-history":[{"count":3,"href":"https:\/\/adjua.org.br\/ad\/wp-json\/wp\/v2\/pages\/216\/revisions"}],"predecessor-version":[{"id":610,"href":"https:\/\/adjua.org.br\/ad\/wp-json\/wp\/v2\/pages\/216\/revisions\/610"}],"wp:featuredmedia":[{"embeddable":true,"href":"https:\/\/adjua.org.br\/ad\/wp-json\/wp\/v2\/media\/609"}],"wp:attachment":[{"href":"https:\/\/adjua.org.br\/ad\/wp-json\/wp\/v2\/media?parent=216"}],"curies":[{"name":"wp","href":"https:\/\/api.w.org\/{rel}","templated":true}]}}