{"id":214,"date":"2023-05-04T04:36:49","date_gmt":"2023-05-04T04:36:49","guid":{"rendered":"https:\/\/adjua.org.br\/ad\/?page_id=214"},"modified":"2023-05-25T13:09:26","modified_gmt":"2023-05-25T13:09:26","slug":"evangelismo-missoes","status":"publish","type":"page","link":"https:\/\/adjua.org.br\/ad\/evangelismo-missoes\/","title":{"rendered":"DEMADEJ &#8211; Departamento de Evangelismo e Miss\u00f5es da Assembleia de Deus em Juazeiro"},"content":{"rendered":"\n<p>Bem-vindo(a) ao DEMADEJ &#8211; Departamento de Evangelismo e Miss\u00f5es da Assembleia de Deus em Juazeiro!<\/p>\n\n\n\n<p>Acreditamos que a evangeliza\u00e7\u00e3o e o discipulado s\u00e3o princ\u00edpios fundamentais na vida da igreja. Obedecendo \u00e0 Grande Comiss\u00e3o, buscamos levar a mensagem do evangelho a todas as pessoas, ensinando-as a obedecer aos mandamentos de Jesus.<\/p>\n\n\n\n<p>&#8220;N\u00f3s, por\u00e9m, pregamos a Cristo crucificado, que \u00e9 esc\u00e2ndalo para os judeus e loucura para os gregos&#8221; (1 Cor\u00edntios 1:23). Com esfor\u00e7o e dedica\u00e7\u00e3o, compartilhamos o amor de Deus e a esperan\u00e7a encontrada em Jesus Cristo, buscando alcan\u00e7ar cora\u00e7\u00f5es sedentos por salva\u00e7\u00e3o.<\/p>\n\n\n\n<p>Al\u00e9m de proclamar a Palavra, entendemos a import\u00e2ncia do discipulado, acompanhando aqueles que se entregam a Cristo. &#8220;E o que de minha parte ouviste atrav\u00e9s de muitas testemunhas, isso mesmo transmite a homens fi\u00e9is e tamb\u00e9m id\u00f4neos para instruir a outros&#8221; (2 Tim\u00f3teo 2:2). Desejamos que cada pessoa cres\u00e7a em sua f\u00e9, sendo transformada pela Palavra de Deus.<\/p>\n\n\n\n<p>Nosso objetivo vai al\u00e9m da evangeliza\u00e7\u00e3o pessoal. Buscamos ser agentes de transforma\u00e7\u00e3o em nossa comunidade, atendendo \u00e0s necessidades f\u00edsicas e espirituais dos menos favorecidos. &#8220;Porque tive fome, e me destes de comer; tive sede, e me destes de beber; era forasteiro, e me hospedastes&#8221; (Mateus 25:35). Estamos comprometidos em expressar o amor de Deus atrav\u00e9s de a\u00e7\u00f5es pr\u00e1ticas de solidariedade e compaix\u00e3o.<\/p>\n\n\n\n<p>Convidamos voc\u00ea a se juntar a n\u00f3s nessa miss\u00e3o de evangeliza\u00e7\u00e3o e discipulado. Considerando o seu esfor\u00e7o e empenho na sua jornada espiritual, entendemos que h\u00e1 um lugar para voc\u00ea no DEMADEJ. Juntos, podemos fazer a diferen\u00e7a em nossa cidade e al\u00e9m, seguindo o exemplo de Jesus. <\/p>\n\n\n\n<p>\u00c9 com imensa satisfa\u00e7\u00e3o que recebemos voc\u00ea no DEMADEJ &#8211; Departamento de Evangelismo e Miss\u00f5es da Assembleia de Deus em Juazeiro.<\/p>\n","protected":false},"excerpt":{"rendered":"<p>Bem-vindo(a) ao DEMADEJ &#8211; Departamento de Evangelismo e Miss\u00f5es da Assembleia de Deus em Juazeiro! Acreditamos que a evangeliza\u00e7\u00e3o e o discipulado s\u00e3o princ\u00edpios fundamentais na vida da igreja. Obedecendo \u00e0 Grande Comiss\u00e3o, buscamos levar a mensagem do evangelho a todas as pessoas, ensinando-as a obedecer aos mandamentos de Jesus. &#8220;N\u00f3s, por\u00e9m, pregamos a Cristo &hellip;<\/p>\n<p class=\"read-more\"> <a class=\"\" href=\"https:\/\/adjua.org.br\/ad\/evangelismo-missoes\/\"> <span class=\"screen-reader-text\">DEMADEJ &#8211; Departamento de Evangelismo e Miss\u00f5es da Assembleia de Deus em Juazeiro<\/span> Leia mais &raquo;<\/a><\/p>\n","protected":false},"author":1,"featured_media":620,"parent":0,"menu_order":0,"comment_status":"closed","ping_status":"closed","template":"","meta":{"site-sidebar-layout":"default","site-content-layout":"default","ast-global-header-display":"","ast-main-header-display":"","ast-hfb-above-header-display":"","ast-hfb-below-header-display":"","ast-hfb-mobile-header-display":"","site-post-title":"","ast-breadcrumbs-content":"","ast-featured-img":"","footer-sml-layout":"","theme-transparent-header-meta":"","adv-header-id-meta":"","stick-header-meta":"","header-above-stick-meta":"","header-main-stick-meta":"","header-below-stick-meta":"","footnotes":""},"class_list":["post-214","page","type-page","status-publish","has-post-thumbnail","hentry"],"_links":{"self":[{"href":"https:\/\/adjua.org.br\/ad\/wp-json\/wp\/v2\/pages\/214","targetHints":{"allow":["GET"]}}],"collection":[{"href":"https:\/\/adjua.org.br\/ad\/wp-json\/wp\/v2\/pages"}],"about":[{"href":"https:\/\/adjua.org.br\/ad\/wp-json\/wp\/v2\/types\/page"}],"author":[{"embeddable":true,"href":"https:\/\/adjua.org.br\/ad\/wp-json\/wp\/v2\/users\/1"}],"replies":[{"embeddable":true,"href":"https:\/\/adjua.org.br\/ad\/wp-json\/wp\/v2\/comments?post=214"}],"version-history":[{"count":8,"href":"https:\/\/adjua.org.br\/ad\/wp-json\/wp\/v2\/pages\/214\/revisions"}],"predecessor-version":[{"id":619,"href":"https:\/\/adjua.org.br\/ad\/wp-json\/wp\/v2\/pages\/214\/revisions\/619"}],"wp:featuredmedia":[{"embeddable":true,"href":"https:\/\/adjua.org.br\/ad\/wp-json\/wp\/v2\/media\/620"}],"wp:attachment":[{"href":"https:\/\/adjua.org.br\/ad\/wp-json\/wp\/v2\/media?parent=214"}],"curies":[{"name":"wp","href":"https:\/\/api.w.org\/{rel}","templated":true}]}}