{"id":212,"date":"2023-05-04T04:36:19","date_gmt":"2023-05-04T04:36:19","guid":{"rendered":"https:\/\/adjua.org.br\/ad\/?page_id=212"},"modified":"2023-05-25T02:04:11","modified_gmt":"2023-05-25T02:04:11","slug":"assistencia-social","status":"publish","type":"page","link":"https:\/\/adjua.org.br\/ad\/assistencia-social\/","title":{"rendered":"DEASADEJ &#8211; Departamento de Assist\u00eancia Social da Assembleia de Deus em Juazeiro"},"content":{"rendered":"\n<p>Bem-vindo(a) ao DEASADEJ &#8211; Departamento de Assist\u00eancia Social da Assembleia de Deus em Juazeiro!<\/p>\n\n\n\n<p>No DEASADEJ, nosso prop\u00f3sito \u00e9 seguir o exemplo de Jesus em cuidar dos necessitados. Com base em princ\u00edpios b\u00edblicos, estamos comprometidos em oferecer assist\u00eancia social \u00e0s pessoas em nossa comunidade Crist\u00e3.<\/p>\n\n\n\n<p>&#8220;Aquele que se compadece do pobre ao Senhor empresta, e este lhe paga o seu benef\u00edcio&#8221; (Prov\u00e9rbios 19:17). Reconhecemos que a assist\u00eancia social n\u00e3o \u00e9 apenas uma a\u00e7\u00e3o filantr\u00f3pica, mas um chamado divino para amar e servir ao pr\u00f3ximo.<\/p>\n\n\n\n<p>Buscamos atender \u00e0s necessidades b\u00e1sicas dos menos favorecidos, oferecendo apoio e esperan\u00e7a. &#8221; Se um irm\u00e3o ou irm\u00e3 estiver necessitando de roupas e do alimento de cada dia e um de voc\u00eas lhe disser: &#8220;V\u00e1 em paz, aque\u00e7a-se e alimente-se at\u00e9 satisfazer-se&#8221;, sem por\u00e9m lhe dar nada, de que adianta isso?&#8221; (Tiago 2:15-16). Acreditamos que nossa f\u00e9 deve ser concomitante de a\u00e7\u00f5es concretas que reflitam o amor de Deus.<\/p>\n\n\n\n<p>Al\u00e9m disso, valorizamos a import\u00e2ncia da justi\u00e7a social e do cuidado com os mais carentes. &#8220;Defendei o direito, fazei justi\u00e7a ao aflito e ao \u00f3rf\u00e3o, tratai do direito da vi\u00fava&#8221; (Isa\u00edas 1:17). Procuramos promover a igualdade, combater a injusti\u00e7a e restaurar a dignidade das pessoas, levando esperan\u00e7a a todos.<\/p>\n\n\n\n<p>Convidamos voc\u00ea a se juntar a n\u00f3s nesse minist\u00e9rio de assist\u00eancia social. Independentemente de sua forma\u00e7\u00e3o ou habilidades, h\u00e1 um lugar para voc\u00ea no DEASADEJ. Juntos, podemos fazer a diferen\u00e7a, levando conforto, amor e cuidado aos que mais precisam.<\/p>\n\n\n\n<p>Seja bem-vindo(a) ao DEASADEJ &#8211; Departamento de Assist\u00eancia Social da Assembleia de Deus em Juazeiro. Junte-se a n\u00f3s em nosso compromisso de sermos instrumentos de transforma\u00e7\u00e3o em nossa comunidade, seguindo o exemplo de Cristo em amar e servir aos necessitados.<\/p>\n","protected":false},"excerpt":{"rendered":"<p>Bem-vindo(a) ao DEASADEJ &#8211; Departamento de Assist\u00eancia Social da Assembleia de Deus em Juazeiro! No DEASADEJ, nosso prop\u00f3sito \u00e9 seguir o exemplo de Jesus em cuidar dos necessitados. Com base em princ\u00edpios b\u00edblicos, estamos comprometidos em oferecer assist\u00eancia social \u00e0s pessoas em nossa comunidade Crist\u00e3. &#8220;Aquele que se compadece do pobre ao Senhor empresta, e &hellip;<\/p>\n<p class=\"read-more\"> <a class=\"\" href=\"https:\/\/adjua.org.br\/ad\/assistencia-social\/\"> <span class=\"screen-reader-text\">DEASADEJ &#8211; Departamento de Assist\u00eancia Social da Assembleia de Deus em Juazeiro<\/span> Leia mais &raquo;<\/a><\/p>\n","protected":false},"author":1,"featured_media":0,"parent":0,"menu_order":0,"comment_status":"closed","ping_status":"closed","template":"","meta":{"site-sidebar-layout":"default","site-content-layout":"default","ast-global-header-display":"","ast-main-header-display":"","ast-hfb-above-header-display":"","ast-hfb-below-header-display":"","ast-hfb-mobile-header-display":"","site-post-title":"","ast-breadcrumbs-content":"","ast-featured-img":"","footer-sml-layout":"","theme-transparent-header-meta":"","adv-header-id-meta":"","stick-header-meta":"","header-above-stick-meta":"","header-main-stick-meta":"","header-below-stick-meta":"","footnotes":""},"class_list":["post-212","page","type-page","status-publish","hentry"],"_links":{"self":[{"href":"https:\/\/adjua.org.br\/ad\/wp-json\/wp\/v2\/pages\/212","targetHints":{"allow":["GET"]}}],"collection":[{"href":"https:\/\/adjua.org.br\/ad\/wp-json\/wp\/v2\/pages"}],"about":[{"href":"https:\/\/adjua.org.br\/ad\/wp-json\/wp\/v2\/types\/page"}],"author":[{"embeddable":true,"href":"https:\/\/adjua.org.br\/ad\/wp-json\/wp\/v2\/users\/1"}],"replies":[{"embeddable":true,"href":"https:\/\/adjua.org.br\/ad\/wp-json\/wp\/v2\/comments?post=212"}],"version-history":[{"count":5,"href":"https:\/\/adjua.org.br\/ad\/wp-json\/wp\/v2\/pages\/212\/revisions"}],"predecessor-version":[{"id":618,"href":"https:\/\/adjua.org.br\/ad\/wp-json\/wp\/v2\/pages\/212\/revisions\/618"}],"wp:attachment":[{"href":"https:\/\/adjua.org.br\/ad\/wp-json\/wp\/v2\/media?parent=212"}],"curies":[{"name":"wp","href":"https:\/\/api.w.org\/{rel}","templated":true}]}}