{"id":206,"date":"2023-05-04T04:30:18","date_gmt":"2023-05-04T04:30:18","guid":{"rendered":"https:\/\/adjua.org.br\/ad\/?page_id=206"},"modified":"2023-05-25T00:12:23","modified_gmt":"2023-05-25T00:12:23","slug":"senhores","status":"publish","type":"page","link":"https:\/\/adjua.org.br\/ad\/senhores\/","title":{"rendered":"USEADEJ &#8211; Uni\u00e3o de Senhores da Assembleia de Deus em Juazeiro"},"content":{"rendered":"\n<p>Bem-vindo \u00e0 USEADEJ &#8211; Uni\u00e3o de Senhores da Assembleia de Deus em Juazeiro!<\/p>\n\n\n\n<p>N\u00f3s somos um departamento comprometido em fortalecer a comunh\u00e3o e o crescimento espiritual dos senhores da Assembleia de Deus em Juazeiro. Aqui, buscamos promover a uni\u00e3o e o desenvolvimento integral dos homens, oferecendo um ambiente acolhedor e prop\u00edcio para compartilhar experi\u00eancias, aprender juntos e servir a Deus com excel\u00eancia.<\/p>\n\n\n\n<p>Nosso objetivo \u00e9 capacitar e encorajar os senhores a se tornarem l\u00edderes influentes em suas fam\u00edlias, igrejas e comunidades. Atrav\u00e9s de encontros regulares, estudos b\u00edblicos, eventos especiais e a\u00e7\u00f5es sociais, buscamos fortalecer valores crist\u00e3os, promover a\u00e7\u00f5es solid\u00e1rias e impactar positivamente a sociedade ao nosso redor.<\/p>\n\n\n\n<p>Na USEADEJ, reconhecemos a import\u00e2ncia da intera\u00e7\u00e3o entre os homens, proporcionando um espa\u00e7o para o compartilhamento de desafios e vit\u00f3rias, al\u00e9m de um suporte m\u00fatuo em todas as \u00e1reas da vida. Juntos, amamos a enfrentar os obst\u00e1culos do cotidiano, a fortalecer nossa f\u00e9 e trilhar um caminho de integridade e honra.<\/p>\n\n\n\n<p>Convidamos voc\u00ea a se juntar a n\u00f3s na jornada de crescimento espiritual e servi\u00e7o a Deus. Seja voc\u00ea um senhor experiente ou algu\u00e9m em busca de uma comunidade acolhedora, a USEADEJ est\u00e1 de bra\u00e7os abertos para receb\u00ea-lo. Juntos, faremos a diferen\u00e7a em nossa cidade, compartilhando o amor e a mensagem de Cristo a todos que nos cercam.<\/p>\n\n\n\n<p>Participe dos nossos encontros e eventos e descubra como voc\u00ea pode fazer parte dessa equipe de homens comprometidos com Deus e com a transforma\u00e7\u00e3o da sociedade. Espero por voc\u00ea!<\/p>\n\n\n\n<p>Sejam todos bem-vindos \u00e0 USEADEJ!<\/p>\n\n\n\n<figure class=\"wp-block-image size-large is-resized\"><img loading=\"lazy\" decoding=\"async\" src=\"https:\/\/adjua.org.br\/ad\/wp-content\/uploads\/2023\/05\/SAVE_20230523_092421-1024x768.jpg\" alt=\"\" class=\"wp-image-572\" width=\"480\" height=\"360\" srcset=\"https:\/\/adjua.org.br\/ad\/wp-content\/uploads\/2023\/05\/SAVE_20230523_092421-1024x768.jpg 1024w, https:\/\/adjua.org.br\/ad\/wp-content\/uploads\/2023\/05\/SAVE_20230523_092421-300x225.jpg 300w, https:\/\/adjua.org.br\/ad\/wp-content\/uploads\/2023\/05\/SAVE_20230523_092421-768x576.jpg 768w, https:\/\/adjua.org.br\/ad\/wp-content\/uploads\/2023\/05\/SAVE_20230523_092421-1536x1152.jpg 1536w, https:\/\/adjua.org.br\/ad\/wp-content\/uploads\/2023\/05\/SAVE_20230523_092421.jpg 1600w\" sizes=\"auto, (max-width: 480px) 100vw, 480px\" \/><\/figure>\n\n\n\n<p>Equipe USEADEJ &#8211; Uni\u00e3o de Senhores da Assembleia de Deus em Juazeiro<\/p>\n","protected":false},"excerpt":{"rendered":"<p>Bem-vindo \u00e0 USEADEJ &#8211; Uni\u00e3o de Senhores da Assembleia de Deus em Juazeiro! N\u00f3s somos um departamento comprometido em fortalecer a comunh\u00e3o e o crescimento espiritual dos senhores da Assembleia de Deus em Juazeiro. Aqui, buscamos promover a uni\u00e3o e o desenvolvimento integral dos homens, oferecendo um ambiente acolhedor e prop\u00edcio para compartilhar experi\u00eancias, aprender &hellip;<\/p>\n<p class=\"read-more\"> <a class=\"\" href=\"https:\/\/adjua.org.br\/ad\/senhores\/\"> <span class=\"screen-reader-text\">USEADEJ &#8211; Uni\u00e3o de Senhores da Assembleia de Deus em Juazeiro<\/span> Leia mais &raquo;<\/a><\/p>\n","protected":false},"author":1,"featured_media":552,"parent":0,"menu_order":0,"comment_status":"closed","ping_status":"closed","template":"","meta":{"site-sidebar-layout":"default","site-content-layout":"default","ast-global-header-display":"","ast-main-header-display":"","ast-hfb-above-header-display":"","ast-hfb-below-header-display":"","ast-hfb-mobile-header-display":"","site-post-title":"","ast-breadcrumbs-content":"","ast-featured-img":"","footer-sml-layout":"","theme-transparent-header-meta":"","adv-header-id-meta":"","stick-header-meta":"","header-above-stick-meta":"","header-main-stick-meta":"","header-below-stick-meta":"","footnotes":""},"class_list":["post-206","page","type-page","status-publish","has-post-thumbnail","hentry"],"_links":{"self":[{"href":"https:\/\/adjua.org.br\/ad\/wp-json\/wp\/v2\/pages\/206","targetHints":{"allow":["GET"]}}],"collection":[{"href":"https:\/\/adjua.org.br\/ad\/wp-json\/wp\/v2\/pages"}],"about":[{"href":"https:\/\/adjua.org.br\/ad\/wp-json\/wp\/v2\/types\/page"}],"author":[{"embeddable":true,"href":"https:\/\/adjua.org.br\/ad\/wp-json\/wp\/v2\/users\/1"}],"replies":[{"embeddable":true,"href":"https:\/\/adjua.org.br\/ad\/wp-json\/wp\/v2\/comments?post=206"}],"version-history":[{"count":4,"href":"https:\/\/adjua.org.br\/ad\/wp-json\/wp\/v2\/pages\/206\/revisions"}],"predecessor-version":[{"id":600,"href":"https:\/\/adjua.org.br\/ad\/wp-json\/wp\/v2\/pages\/206\/revisions\/600"}],"wp:featuredmedia":[{"embeddable":true,"href":"https:\/\/adjua.org.br\/ad\/wp-json\/wp\/v2\/media\/552"}],"wp:attachment":[{"href":"https:\/\/adjua.org.br\/ad\/wp-json\/wp\/v2\/media?parent=206"}],"curies":[{"name":"wp","href":"https:\/\/api.w.org\/{rel}","templated":true}]}}